{"id":6003,"date":"2025-03-06T11:11:39","date_gmt":"2025-03-06T11:11:39","guid":{"rendered":"https:\/\/alaturkahamam.com.tr\/?page_id=6003"},"modified":"2026-03-18T12:47:18","modified_gmt":"2026-03-18T12:47:18","slug":"contact","status":"publish","type":"page","link":"https:\/\/alaturkahamam.com.tr\/ru\/contact\/","title":{"rendered":"\u041a\u043e\u043d\u0442\u0430\u043a\u0442"},"content":{"rendered":"<div data-elementor-type=\"wp-page\" data-elementor-id=\"6003\" class=\"elementor elementor-6003\">\n\t\t\t\t<div class=\"elementor-element elementor-element-237fde5 e-flex e-con-boxed e-con e-parent\" data-id=\"237fde5\" data-element_type=\"container\" data-e-type=\"container\" data-settings=\"{&quot;background_background&quot;:&quot;classic&quot;}\">\n\t\t\t\t\t<div class=\"e-con-inner\">\n\t\t\t\t<div class=\"elementor-element elementor-element-1db106e elementor-widget elementor-widget-hub_fancy_heading lqd-el-has-inner-anim\" data-id=\"1db106e\" data-element_type=\"widget\" data-e-type=\"widget\" data-settings=\"{&quot;enable_split&quot;:&quot;true&quot;,&quot;split_type&quot;:&quot;lines&quot;}\" data-widget_type=\"hub_fancy_heading.default\">\n\t\t\t\t<div class=\"elementor-widget-container\">\n\t\t\t\t\t\n\t\t<div id=\"ld-fancy-heading-69ebb1ade489a\" class=\"ld-fancy-heading pos-rel\">\n\t\t\t<h1 class=\"ld-fh-element d-inline-block pos-rel  elementor-heading-title lqd-highlight-classic lqd-highlight-grow-left lqd-split-lines h1\"  data-split-text=\"true\" data-split-options='{\"type\":\"lines\"}'> \u041a\u043e\u043d\u0442\u0430\u043a\u0442<\/h1>\t\t<\/div>\n\n\t\t\t\t\t\t<\/div>\n\t\t\t\t<\/div>\n\t\t\t\t\t<\/div>\n\t\t\t\t<\/div>\n\t\t\t\t<section class=\"elementor-section elementor-top-section elementor-element elementor-element-370a4c0a elementor-reverse-tablet elementor-section-content-middle elementor-reverse-mobile elementor-section-boxed elementor-section-height-default elementor-section-height-default\" data-id=\"370a4c0a\" data-element_type=\"section\" data-e-type=\"section\" data-settings=\"{&quot;background_background&quot;:&quot;classic&quot;}\">\n\t\t\t\t\t\t<div class=\"elementor-container elementor-column-gap-default\">\n\t\t\t\t\t<div class=\"elementor-column elementor-col-50 elementor-top-column elementor-element elementor-element-3a9819ee\" data-id=\"3a9819ee\" data-element_type=\"column\" data-e-type=\"column\">\n\t\t\t<div class=\"elementor-widget-wrap elementor-element-populated\">\n\t\t\t\t\t\t<div class=\"elementor-element elementor-element-384bba0a elementor-align-center elementor-widget elementor-widget-ld_icon_box\" data-id=\"384bba0a\" data-element_type=\"widget\" data-e-type=\"widget\" data-widget_type=\"ld_icon_box.default\">\n\t\t\t\t<div class=\"elementor-widget-container\">\n\t\t\t\t\t\n\t\t\t<div id=\"ld_icon_box_384bba0a\" class=\"iconbox d-flex flex-grow-1 pos-rel flex-column iconbox-default iconbox-icon-shaped iconbox-circle\"   >\n\n\t\t\t\t\n\t\t\t\t<div class=\"iconbox-icon-wrap\"><div class=\"iconbox-icon-container d-inline-flex pos-rel z-index-1 border-radius-circle\"><svg aria-hidden=\"true\" class=\"e-font-icon-svg e-far-map\" viewbox=\"0 0 576 512\" xmlns=\"http:\/\/www.w3.org\/2000\/svg\"><path d=\"M560.02 32c-1.96 0-3.98.37-5.96 1.16L384.01 96H384L212 35.28A64.252 64.252 0 0 0 191.76 32c-6.69 0-13.37 1.05-19.81 3.14L20.12 87.95A32.006 32.006 0 0 0 0 117.66v346.32C0 473.17 7.53 480 15.99 480c1.96 0 3.97-.37 5.96-1.16L192 416l172 60.71a63.98 63.98 0 0 0 40.05.15l151.83-52.81A31.996 31.996 0 0 0 576 394.34V48.02c0-9.19-7.53-16.02-15.98-16.02zM224 90.42l128 45.19v285.97l-128-45.19V90.42zM48 418.05V129.07l128-44.53v286.2l-.64.23L48 418.05zm480-35.13l-128 44.53V141.26l.64-.24L528 93.95v288.97z\"><\/path><\/svg><\/div><\/div>\n\t\t\t\t\n\t\t\t\t<div class=\"contents\">\n\t\t\t\t\n\t\t\t\t<h3 class=\"lqd-iconbox-heading\" >\u0410\u0434\u0440\u0435\u0441 <\/h3>\t\t\t\t<p>\u042d\u0432\u043b\u0438\u044f \u0427\u0435\u043b\u0435\u0431\u0438, \u0443\u043b\u0438\u0446\u0430 \u0420\u0435\u0444\u0438\u043a\u0430 \u0421\u0430\u0439\u0434\u0430\u043c\u0430. \u041e\u0442\u0435\u043b\u044c No37 Grand Hali\u00e7 - 1 \u044d\u0442\u0430\u0436, \u0411\u0435\u0439\u043e\u0433\u043b\u0443\/\u0421\u0442\u0430\u043c\u0431\u0443\u043b<\/p>\n\t\t\t\t\t\t\t\t<a href=\"https:\/\/maps.app.goo.gl\/59VAm6ydvzriqpAk9\" target=\"_blank\" class=\"elementor-button btn ws-nowrap btn-underlined border-thin btn-icon-right btn-hover-reveal btn-has-label\" rel=\"noopener\">\n\t\t\t\t\t\t\t\t\t\t\t<span class=\"btn-txt\"  data-text=\"Get Directions\" >\u041f\u043e\u043b\u0443\u0447\u0438\u0442\u044c \u0443\u043a\u0430\u0437\u0430\u043d\u0438\u044f<\/span>\n\t\t\t\t\t\t\t\t\t\t<span class=\"btn-icon\"><i class=\"lqd-icn-ess icon-md-arrow-forward\"><\/i><\/span>\t\t\t\t<\/a>\n\n\t\t\t\t\n\t\t\t\t<\/div>\n\t\t\t\t<a href=\"https:\/\/maps.app.goo.gl\/59VAm6ydvzriqpAk9\" class=\"lqd-overlay z-index-2\" target=\"_blank&quot;\" rel=\"nofollow noopener\" aria-label=\"\u0410\u0434\u0440\u0435\u0441\"><\/a>\n\t\t\t<\/div>\n\n\t\t\t\t\t\t<\/div>\n\t\t\t\t<\/div>\n\t\t\t\t<div class=\"elementor-element elementor-element-14146b9f elementor-align-center elementor-widget elementor-widget-ld_icon_box\" data-id=\"14146b9f\" data-element_type=\"widget\" data-e-type=\"widget\" data-widget_type=\"ld_icon_box.default\">\n\t\t\t\t<div class=\"elementor-widget-container\">\n\t\t\t\t\t\n\t\t\t<div id=\"ld_icon_box_14146b9f\" class=\"iconbox d-flex flex-grow-1 pos-rel flex-column iconbox-default iconbox-icon-shaped iconbox-circle\"   >\n\n\t\t\t\t\n\t\t\t\t<div class=\"iconbox-icon-wrap\"><div class=\"iconbox-icon-container d-inline-flex pos-rel z-index-1 border-radius-circle\"><svg aria-hidden=\"true\" class=\"e-font-icon-svg e-fas-mobile-alt\" viewbox=\"0 0 320 512\" xmlns=\"http:\/\/www.w3.org\/2000\/svg\"><path d=\"M272 0H48C21.5 0 0 21.5 0 48v416c0 26.5 21.5 48 48 48h224c26.5 0 48-21.5 48-48V48c0-26.5-21.5-48-48-48zM160 480c-17.7 0-32-14.3-32-32s14.3-32 32-32 32 14.3 32 32-14.3 32-32 32zm112-108c0 6.6-5.4 12-12 12H60c-6.6 0-12-5.4-12-12V60c0-6.6 5.4-12 12-12h200c6.6 0 12 5.4 12 12v312z\"><\/path><\/svg><\/div><\/div>\n\t\t\t\t\n\t\t\t\t<div class=\"contents\">\n\t\t\t\t\n\t\t\t\t<h3 class=\"lqd-iconbox-heading\" >\u0422\u0435\u043b\u0435\u0444\u043e\u043d <\/h3>\t\t\t\t<p>\u041c\u044b \u0437\u0434\u0435\u0441\u044c, \u0447\u0442\u043e\u0431\u044b \u043e\u0442\u0432\u0435\u0442\u0438\u0442\u044c \u043d\u0430 \u0432\u0430\u0448\u0438 \u0432\u043e\u043f\u0440\u043e\u0441\u044b \u0438 \u043f\u043e\u043c\u043e\u0447\u044c \u0432\u0430\u043c. \u041d\u0435 \u0441\u0442\u0435\u0441\u043d\u044f\u0439\u0442\u0435\u0441\u044c \u043e\u0431\u0440\u0430\u0449\u0430\u0442\u044c\u0441\u044f \u0432 \u043b\u044e\u0431\u043e\u0435 \u0432\u0440\u0435\u043c\u044f.\n\n<\/p>\n\t\t\t\t\t\t\t\t<a href=\"tel: 905325835086\" target=\"_blank\" class=\"elementor-button btn ws-nowrap btn-underlined border-thin btn-icon-right btn-hover-reveal btn-has-label\" >\n\t\t\t\t\t\t\t\t\t\t\t<span class=\"btn-txt\"  data-text=\"+90&nbsp;532 583 50 86\" >+90&nbsp;532 583 50 86<\/span>\n\t\t\t\t\t\t\t\t\t\t<span class=\"btn-icon\"><i class=\"lqd-icn-ess icon-md-arrow-forward\"><\/i><\/span>\t\t\t\t<\/a>\n\n\t\t\t\t\n\t\t\t\t<\/div>\n\t\t\t\t<a href=\"tel: 905325835086\" class=\"lqd-overlay z-index-2\" target=\"_blank&quot;\" rel=\"nofollow\" aria-label=\"\u0422\u0435\u043b\u0435\u0444\u043e\u043d\"><\/a>\n\t\t\t<\/div>\n\n\t\t\t\t\t\t<\/div>\n\t\t\t\t<\/div>\n\t\t\t\t\t<\/div>\n\t\t<\/div>\n\t\t\t\t<div class=\"elementor-column elementor-col-50 elementor-top-column elementor-element elementor-element-30a71040\" data-id=\"30a71040\" data-element_type=\"column\" data-e-type=\"column\">\n\t\t\t<div class=\"elementor-widget-wrap elementor-element-populated\">\n\t\t\t\t\t\t<div class=\"elementor-element elementor-element-313a010f elementor-widget elementor-widget-hub_fancy_heading\" data-id=\"313a010f\" data-element_type=\"widget\" data-e-type=\"widget\" data-widget_type=\"hub_fancy_heading.default\">\n\t\t\t\t<div class=\"elementor-widget-container\">\n\t\t\t\t\t\n\t\t<div id=\"ld-fancy-heading-69ebb1adeb35c\" class=\"ld-fancy-heading pos-rel\">\n\t\t\t<h6 class=\"ld-fh-element d-inline-block pos-rel  elementor-heading-title lqd-highlight-classic lqd-highlight-grow-left h6\"  > \u041f\u041e\u041d\u0415\u0414\u0415\u041b\u042c\u041d\u0418\u041a - \u0412\u041e\u0421\u041a\u0420\u0415\u0421\u0415\u041d\u042c\u0415<\/h6>\t\t<\/div>\n\n\t\t\t\t\t\t<\/div>\n\t\t\t\t<\/div>\n\t\t\t\t<div class=\"elementor-element elementor-element-75717a15 elementor-widget__width-initial elementor-widget elementor-widget-hub_fancy_heading\" data-id=\"75717a15\" data-element_type=\"widget\" data-e-type=\"widget\" data-widget_type=\"hub_fancy_heading.default\">\n\t\t\t\t<div class=\"elementor-widget-container\">\n\t\t\t\t\t\n\t\t<div id=\"ld-fancy-heading-69ebb1adeb93d\" class=\"ld-fancy-heading pos-rel\">\n\t\t\t<h2 class=\"ld-fh-element d-inline-block pos-rel  elementor-heading-title lqd-highlight-classic lqd-highlight-grow-left h2\"  > 12:00  -  23.00 Women &amp; Men\n <\/h2>\t\t<\/div>\n\n\t\t\t\t\t\t<\/div>\n\t\t\t\t<\/div>\n\t\t\t\t<div class=\"elementor-element elementor-element-20da647d elementor-widget elementor-widget-hub_fancy_heading\" data-id=\"20da647d\" data-element_type=\"widget\" data-e-type=\"widget\" data-widget_type=\"hub_fancy_heading.default\">\n\t\t\t\t<div class=\"elementor-widget-container\">\n\t\t\t\t\t\n\t\t<div id=\"ld-fancy-heading-69ebb1adebed4\" class=\"ld-fancy-heading pos-rel\">\n\t\t\t<p class=\"ld-fh-element d-inline-block pos-rel  lqd-highlight-classic lqd-highlight-grow-left p\"  > \u041d\u0430\u043f\u043e\u043c\u0438\u043d\u0430\u0435\u043c, \u0447\u0442\u043e \u043d\u0430\u0448 \u0445\u0430\u043c\u043c\u0430\u043c \u0441\u043e\u0441\u0442\u043e\u0438\u0442 \u0438\u0437 \u0442\u0440\u0435\u0445 \u043e\u0442\u0434\u0435\u043b\u0435\u043d\u0438\u0439.\n\n<\/p>\t\t<\/div>\n\n\t\t\t\t\t\t<\/div>\n\t\t\t\t<\/div>\n\t\t\t\t<div class=\"elementor-element elementor-element-1777f82 elementor-widget elementor-widget-text-editor\" data-id=\"1777f82\" data-element_type=\"widget\" data-e-type=\"widget\" data-widget_type=\"text-editor.default\">\n\t\t\t\t<div class=\"elementor-widget-container\">\n\t\t\t\t\t\t\t\t\t<ul><li>\u0416\u0435\u043d\u0441\u043a\u0430\u044f \u0441\u0435\u043a\u0446\u0438\u044f<\/li><li>\u041c\u0443\u0436\u0441\u043a\u0430\u044f \u0441\u0435\u043a\u0446\u0438\u044f<\/li><li>\u041f\u0430\u0440\u0430 \u0440\u0430\u0437\u0434\u0435\u043b\u0430<\/li><\/ul><p>\u0412\u0430\u043c \u0431\u0443\u0434\u0443\u0442 \u043f\u0440\u0435\u0434\u043e\u0441\u0442\u0430\u0432\u043b\u0435\u043d\u044b \u043f\u043e\u043b\u043e\u0442\u0435\u043d\u0446\u0435 \u0434\u043b\u044f \u0445\u0430\u043c\u043c\u0430\u043c\u0430, \u043c\u044b\u043b\u043e, \u043f\u0435\u0448\u0442\u0435\u043c\u0430\u043b\u044c (\u043a\u043b\u0430\u0441\u0441\u0438\u0447\u0435\u0441\u043a\u043e\u0435 \u0445\u043b\u043e\u043f\u043a\u043e\u0432\u043e\u0435 \u043e\u0431\u0435\u0440\u0442\u044b\u0432\u0430\u043d\u0438\u0435 \u0434\u043b\u044f \u0445\u0430\u043c\u043c\u0430\u043c\u0430), \u0448\u0430\u043c\u043f\u0443\u043d\u044c, \u0432\u0430\u0440\u0435\u0436\u043a\u0430-\u0441\u043a\u0440\u0430\u0431 \u0438 \u0442\u0430\u043f\u043e\u0447\u043a\u0438.<\/p><ul><li>\u0414\u043b\u044f \u0431\u0430\u0441\u0441\u0435\u0439\u043d\u0430 \u043c\u044b \u043d\u0435 \u043f\u0440\u0435\u0434\u043b\u0430\u0433\u0430\u0435\u043c \u043a\u0443\u043f\u0430\u043b\u044c\u043d\u0438\u043a\u0438.<\/li><li>\u0423\u0440\u043e\u0432\u0435\u043d\u044c \u0431\u0430\u0441\u0441\u0435\u0439\u043d\u0430 23, \u0433\u043b\u0443\u0431\u0438\u043d\u0430 2 \u043c\u0435\u0442\u0440\u0430, \u0434\u043b\u0438\u043d\u0430 12. \u041e\u0431\u044b\u0447\u043d\u043e \u0445\u043e\u043b\u043e\u0434\u043d\u0430\u044f \u0432\u043e\u0434\u0430.<\/li><li>\u041d\u0430\u043f\u043e\u043c\u0438\u043d\u0430\u0435\u043c, \u0447\u0442\u043e \u043d\u0430\u0448 \u0431\u0430\u0441\u0441\u0435\u0439\u043d \u0441\u043c\u0435\u0448\u0430\u043d\u043d\u043e\u0433\u043e \u0442\u0438\u043f\u0430.<\/li><\/ul>\t\t\t\t\t\t\t\t<\/div>\n\t\t\t\t<\/div>\n\t\t\t\t\t<\/div>\n\t\t<\/div>\n\t\t\t\t\t<\/div>\n\t\t<\/section>\n\t\t<div class=\"elementor-element elementor-element-cdcf1a6 e-con-full e-flex e-con e-parent\" data-id=\"cdcf1a6\" data-element_type=\"container\" data-e-type=\"container\" data-settings=\"{&quot;background_background&quot;:&quot;classic&quot;}\">\n\t\t\t\t<div class=\"elementor-element elementor-element-fe8f44e elementor-widget elementor-widget-google_maps\" data-id=\"fe8f44e\" data-element_type=\"widget\" data-e-type=\"widget\" data-widget_type=\"google_maps.default\">\n\t\t\t\t<div class=\"elementor-widget-container\">\n\t\t\t\t\t\t\t<div class=\"elementor-custom-embed\">\n\t\t\t<iframe loading=\"lazy\"\n\t\t\t\t\tsrc=\"https:\/\/maps.google.com\/maps?q=ALATURKA%20HAMAM%20TAKS%C4%B0M&#038;t=m&#038;z=15&#038;output=embed&#038;iwloc=near\"\n\t\t\t\t\ttitle=\"\u0410\u041b\u0410\u0422\u0423\u0420\u041a\u0410 \u0425\u0410\u041c\u0410\u041c \u0422\u0410\u041a\u0421\u0418\u041c\"\n\t\t\t\t\taria-label=\"\u0410\u041b\u0410\u0422\u0423\u0420\u041a\u0410 \u0425\u0410\u041c\u0410\u041c \u0422\u0410\u041a\u0421\u0418\u041c\"\n\t\t\t><\/iframe>\n\t\t<\/div>\n\t\t\t\t\t\t<\/div>\n\t\t\t\t<\/div>\n\t\t\t\t<\/div>\n\t\t\t\t<\/div>","protected":false},"excerpt":{"rendered":"<p>Contact Address Evliya \u00e7elebi, Refik Saydam Street. No37 Grand Hali\u00e7 Hotel -1 Floor Beyo\u011flu\/\u0130stanbul Get Directions Phone We are here to answer your questions and assist you. Feel free to reach out anytime. +90&nbsp;532 583 50 86 MONDAY &#8211; SUNDAY 12:00 &#8211; 23.00 Women &amp; Men We would like to remind you that our hammam [&hellip;]<\/p>","protected":false},"author":1,"featured_media":0,"parent":0,"menu_order":0,"comment_status":"closed","ping_status":"closed","template":"","meta":{"footnotes":""},"class_list":["post-6003","page","type-page","status-publish","hentry"],"_links":{"self":[{"href":"https:\/\/alaturkahamam.com.tr\/ru\/wp-json\/wp\/v2\/pages\/6003","targetHints":{"allow":["GET"]}}],"collection":[{"href":"https:\/\/alaturkahamam.com.tr\/ru\/wp-json\/wp\/v2\/pages"}],"about":[{"href":"https:\/\/alaturkahamam.com.tr\/ru\/wp-json\/wp\/v2\/types\/page"}],"author":[{"embeddable":true,"href":"https:\/\/alaturkahamam.com.tr\/ru\/wp-json\/wp\/v2\/users\/1"}],"replies":[{"embeddable":true,"href":"https:\/\/alaturkahamam.com.tr\/ru\/wp-json\/wp\/v2\/comments?post=6003"}],"version-history":[{"count":121,"href":"https:\/\/alaturkahamam.com.tr\/ru\/wp-json\/wp\/v2\/pages\/6003\/revisions"}],"predecessor-version":[{"id":6879,"href":"https:\/\/alaturkahamam.com.tr\/ru\/wp-json\/wp\/v2\/pages\/6003\/revisions\/6879"}],"wp:attachment":[{"href":"https:\/\/alaturkahamam.com.tr\/ru\/wp-json\/wp\/v2\/media?parent=6003"}],"curies":[{"name":"wp","href":"https:\/\/api.w.org\/{rel}","templated":true}]}}